{"id":2822,"date":"2019-05-31T22:04:46","date_gmt":"2019-05-31T22:04:46","guid":{"rendered":"https:\/\/service.gosportsart.com\/formulario-de-envio-para-entrenamiento\/"},"modified":"2023-10-20T21:32:39","modified_gmt":"2023-10-20T21:32:39","slug":"formulario-de-envio-para-entrenamiento","status":"publish","type":"page","link":"https:\/\/service.gosportsart.com\/es-mx\/formulario-de-envio-para-entrenamiento\/","title":{"rendered":"Formulario de Env\u00edo para Entrenamiento"},"content":{"rendered":"<div class=\"wpb-content-wrapper\"><p>[vc_row][vc_column][vc_column_text]Debido a la actual pandemia de COVID-19, actualmente no organizamos ning\u00fan evento de capacitaci\u00f3n. Si todav\u00eda est\u00e1 interesado en aprender c\u00f3mo reparar los equipos de fitness SportsArt, le recomendamos que complete este formulario de todos modos; actualmente los estamos utilizando para evaluar el inter\u00e9s.[\/vc_column_text][\/vc_column][\/vc_row][vc_row][vc_column]<script type=\"text\/javascript\">\n\/* <![CDATA[ *\/\nvar gform;gform||(document.addEventListener(\"gform_main_scripts_loaded\",function(){gform.scriptsLoaded=!0}),document.addEventListener(\"gform\/theme\/scripts_loaded\",function(){gform.themeScriptsLoaded=!0}),window.addEventListener(\"DOMContentLoaded\",function(){gform.domLoaded=!0}),gform={domLoaded:!1,scriptsLoaded:!1,themeScriptsLoaded:!1,isFormEditor:()=>\"function\"==typeof InitializeEditor,callIfLoaded:function(o){return!(!gform.domLoaded||!gform.scriptsLoaded||!gform.themeScriptsLoaded&&!gform.isFormEditor()||(gform.isFormEditor()&&console.warn(\"The use of gform.initializeOnLoaded() is deprecated in the form editor context and will be removed in Gravity Forms 3.1.\"),o(),0))},initializeOnLoaded:function(o){gform.callIfLoaded(o)||(document.addEventListener(\"gform_main_scripts_loaded\",()=>{gform.scriptsLoaded=!0,gform.callIfLoaded(o)}),document.addEventListener(\"gform\/theme\/scripts_loaded\",()=>{gform.themeScriptsLoaded=!0,gform.callIfLoaded(o)}),window.addEventListener(\"DOMContentLoaded\",()=>{gform.domLoaded=!0,gform.callIfLoaded(o)}))},hooks:{action:{},filter:{}},addAction:function(o,r,e,t){gform.addHook(\"action\",o,r,e,t)},addFilter:function(o,r,e,t){gform.addHook(\"filter\",o,r,e,t)},doAction:function(o){gform.doHook(\"action\",o,arguments)},applyFilters:function(o){return gform.doHook(\"filter\",o,arguments)},removeAction:function(o,r){gform.removeHook(\"action\",o,r)},removeFilter:function(o,r,e){gform.removeHook(\"filter\",o,r,e)},addHook:function(o,r,e,t,n){null==gform.hooks[o][r]&&(gform.hooks[o][r]=[]);var d=gform.hooks[o][r];null==n&&(n=r+\"_\"+d.length),gform.hooks[o][r].push({tag:n,callable:e,priority:t=null==t?10:t})},doHook:function(r,o,e){var t;if(e=Array.prototype.slice.call(e,1),null!=gform.hooks[r][o]&&((o=gform.hooks[r][o]).sort(function(o,r){return o.priority-r.priority}),o.forEach(function(o){\"function\"!=typeof(t=o.callable)&&(t=window[t]),\"action\"==r?t.apply(null,e):e[0]=t.apply(null,e)})),\"filter\"==r)return e[0]},removeHook:function(o,r,t,n){var e;null!=gform.hooks[o][r]&&(e=(e=gform.hooks[o][r]).filter(function(o,r,e){return!!(null!=n&&n!=o.tag||null!=t&&t!=o.priority)}),gform.hooks[o][r]=e)}});\n\/* ]]> *\/\n<\/script>\n\n                <div class='gf_browser_gecko gform_wrapper gform_legacy_markup_wrapper gform-theme--no-framework' data-form-theme='legacy' data-form-index='0' id='gform_wrapper_7' >\n                        <div class='gform_heading'>\n                            <h3 class=\"gform_title\">Service Training Submission Form (1)<\/h3>\n                        <\/div><form method='post' enctype='multipart\/form-data'  id='gform_7'  action='\/es-mx\/wp-json\/wp\/v2\/pages\/2822' data-formid='7' novalidate>\n                        <div class='gform-body gform_body'><ul id='gform_fields_7' class='gform_fields top_label form_sublabel_below description_above validation_below'><li id=\"field_7_1\" class=\"gfield gfield--type-name gfield_contains_required field_sublabel_below gfield--has-description field_description_above field_validation_below gfield_visibility_visible\"  ><label class='gfield_label gform-field-label gfield_label_before_complex' >Nombre Completo<span class=\"gfield_required\"><span class=\"gfield_required gfield_required_asterisk\">*<\/span><\/span><\/label><div class='gfield_description' id='gfield_description_7_1'>Por favor proporcione su nombre completo. Si no tienes segundo nombre, simplemente deja un espacio vac\u00edo.<\/div><div class='ginput_complex ginput_container ginput_container--name no_prefix has_first_name has_middle_name has_last_name no_suffix gf_name_has_3 ginput_container_name gform-grid-row' id='input_7_1'>\n                            \n                            <span id='input_7_1_3_container' class='name_first gform-grid-col gform-grid-col--size-auto' >\n                                                    <input type='text' name='input_1.3' id='input_7_1_3' value=''   aria-required='true'     \/>\n                                                    <label for='input_7_1_3' class='gform-field-label gform-field-label--type-sub '>Primer Nombre<\/label>\n                                                <\/span>\n                            <span id='input_7_1_4_container' class='name_middle gform-grid-col gform-grid-col--size-auto' >\n                                                    <input type='text' name='input_1.4' id='input_7_1_4' value=''   aria-required='false'     \/>\n                                                    <label for='input_7_1_4' class='gform-field-label gform-field-label--type-sub '>Segundo Nombre<\/label>\n                                                <\/span>\n                            <span id='input_7_1_6_container' class='name_last gform-grid-col gform-grid-col--size-auto' >\n                                                    <input type='text' name='input_1.6' id='input_7_1_6' value=''   aria-required='true'     \/>\n                                                    <label for='input_7_1_6' class='gform-field-label gform-field-label--type-sub '>Apellido<\/label>\n                                                <\/span>\n                            \n                        <\/div><\/li><li id=\"field_7_2\" class=\"gfield gfield--type-phone gfield_contains_required field_sublabel_below gfield--no-description field_description_above field_validation_below gfield_visibility_visible\"  ><label class='gfield_label gform-field-label' for='input_7_2'>Telefono<span class=\"gfield_required\"><span class=\"gfield_required gfield_required_asterisk\">*<\/span><\/span><\/label><div class='ginput_container ginput_container_phone'><input name='input_2' id='input_7_2' type='tel' value='' class='medium'   aria-required=\"true\" aria-invalid=\"false\"   \/><\/div><\/li><li id=\"field_7_3\" class=\"gfield gfield--type-email gfield_contains_required field_sublabel_below gfield--no-description field_description_above field_validation_below gfield_visibility_visible\"  ><label class='gfield_label gform-field-label' for='input_7_3'>Email<span class=\"gfield_required\"><span class=\"gfield_required gfield_required_asterisk\">*<\/span><\/span><\/label><div class='ginput_container ginput_container_email'>\n                            <input name='input_3' id='input_7_3' type='email' value='' class='medium'    aria-required=\"true\" aria-invalid=\"false\"  \/>\n                        <\/div><\/li><li id=\"field_7_14\" class=\"gfield gfield--type-text gfield_contains_required field_sublabel_below gfield--no-description field_description_above field_validation_below gfield_visibility_visible\"  ><label class='gfield_label gform-field-label' for='input_7_14'>\u00bfA qu\u00e9 \u00e1rea presta servicio?<span class=\"gfield_required\"><span class=\"gfield_required gfield_required_asterisk\">*<\/span><\/span><\/label><div class='ginput_container ginput_container_text'><input name='input_14' id='input_7_14' type='text' value='' class='medium'     aria-required=\"true\" aria-invalid=\"false\"   \/><\/div><\/li><li id=\"field_7_16\" class=\"gfield gfield--type-address gfield_contains_required field_sublabel_below gfield--no-description field_description_above field_validation_below gfield_visibility_visible\"  ><label class='gfield_label gform-field-label gfield_label_before_complex' >Direccion<span class=\"gfield_required\"><span class=\"gfield_required gfield_required_asterisk\">*<\/span><\/span><\/label>    \n                    <div class='ginput_complex ginput_container has_street has_city has_state has_zip ginput_container_address gform-grid-row' id='input_7_16' >\n                         <span class='ginput_full address_line_1 ginput_address_line_1 gform-grid-col' id='input_7_16_1_container' >\n                                        <input type='text' name='input_16.1' id='input_7_16_1' value=''    aria-required='true'    \/>\n                                        <label for='input_7_16_1' id='input_7_16_1_label' class='gform-field-label gform-field-label--type-sub '>Calle<\/label>\n                                    <\/span><span class='ginput_left address_city ginput_address_city gform-grid-col' id='input_7_16_3_container' >\n                                    <input type='text' name='input_16.3' id='input_7_16_3' value=''    aria-required='true'    \/>\n                                    <label for='input_7_16_3' id='input_7_16_3_label' class='gform-field-label gform-field-label--type-sub '>Ciudad<\/label>\n                                 <\/span><span class='ginput_right address_state ginput_address_state gform-grid-col' id='input_7_16_4_container' >\n                                        <select name='input_16.4' id='input_7_16_4'     aria-required='true'    ><option value='' selected='selected'><\/option><option value='Alabama' >Alabama<\/option><option value='Alaska' >Alaska<\/option><option value='American Samoa' >American Samoa<\/option><option value='Arizona' >Arizona<\/option><option value='Arkansas' >Arkansas<\/option><option value='California' >California<\/option><option value='Colorado' >Colorado<\/option><option value='Connecticut' >Connecticut<\/option><option value='Delaware' >Delaware<\/option><option value='District of Columbia' >District of Columbia<\/option><option value='Florida' >Florida<\/option><option value='Georgia' >Georgia<\/option><option value='Guam' >Guam<\/option><option value='Hawaii' >Hawaii<\/option><option value='Idaho' >Idaho<\/option><option value='Illinois' >Illinois<\/option><option value='Indiana' >Indiana<\/option><option value='Iowa' >Iowa<\/option><option value='Kansas' >Kansas<\/option><option value='Kentucky' >Kentucky<\/option><option value='Louisiana' >Louisiana<\/option><option value='Maine' >Maine<\/option><option value='Maryland' >Maryland<\/option><option value='Massachusetts' >Massachusetts<\/option><option value='Michigan' >Michigan<\/option><option value='Minnesota' >Minnesota<\/option><option value='Mississippi' >Mississippi<\/option><option value='Missouri' >Missouri<\/option><option value='Montana' >Montana<\/option><option value='Nebraska' >Nebraska<\/option><option value='Nevada' >Nevada<\/option><option value='New Hampshire' >New Hampshire<\/option><option value='New Jersey' >New Jersey<\/option><option value='New Mexico' >New Mexico<\/option><option value='New York' >New York<\/option><option value='North Carolina' >North Carolina<\/option><option value='North Dakota' >North Dakota<\/option><option value='Northern Mariana Islands' >Northern Mariana Islands<\/option><option value='Ohio' >Ohio<\/option><option value='Oklahoma' >Oklahoma<\/option><option value='Oregon' >Oregon<\/option><option value='Pennsylvania' >Pennsylvania<\/option><option value='Puerto Rico' >Puerto Rico<\/option><option value='Rhode Island' >Rhode Island<\/option><option value='South Carolina' >South Carolina<\/option><option value='South Dakota' >South Dakota<\/option><option value='Tennessee' >Tennessee<\/option><option value='Texas' >Texas<\/option><option value='Utah' >Utah<\/option><option value='U.S. Virgin Islands' >U.S. Virgin Islands<\/option><option value='Vermont' >Vermont<\/option><option value='Virginia' >Virginia<\/option><option value='Washington' >Washington<\/option><option value='West Virginia' >West Virginia<\/option><option value='Wisconsin' >Wisconsin<\/option><option value='Wyoming' >Wyoming<\/option><option value='Armed Forces Americas' >Armed Forces Americas<\/option><option value='Armed Forces Europe' >Armed Forces Europe<\/option><option value='Armed Forces Pacific' >Armed Forces Pacific<\/option><\/select>\n                                        <label for='input_7_16_4' id='input_7_16_4_label' class='gform-field-label gform-field-label--type-sub '>Estado<\/label>\n                                      <\/span><span class='ginput_left address_zip ginput_address_zip gform-grid-col' id='input_7_16_5_container' >\n                                    <input type='text' name='input_16.5' id='input_7_16_5' value=''    aria-required='true'    \/>\n                                    <label for='input_7_16_5' id='input_7_16_5_label' class='gform-field-label gform-field-label--type-sub '>Codigo Postal<\/label>\n                                <\/span><input type='hidden' class='gform_hidden' name='input_16.6' id='input_7_16_6' value='United States' \/>\n                    <div class='gf_clear gf_clear_complex'><\/div>\n                <\/div><\/li><li id=\"field_7_7\" class=\"gfield gfield--type-text gfield_contains_required field_sublabel_below gfield--has-description field_description_above field_validation_below gfield_visibility_visible\"  ><label class='gfield_label gform-field-label' for='input_7_7'>Nombre de la Empresa<span class=\"gfield_required\"><span class=\"gfield_required gfield_required_asterisk\">*<\/span><\/span><\/label><div class='gfield_description' id='gfield_description_7_7'>Ingrese el nombre de la empresa para la que trabaja.<\/div><div class='ginput_container ginput_container_text'><input name='input_7' id='input_7_7' type='text' value='' class='large'  aria-describedby=\"gfield_description_7_7\"   aria-required=\"true\" aria-invalid=\"false\"   \/><\/div><\/li><li id=\"field_7_10\" class=\"gfield gfield--type-text field_sublabel_below gfield--no-description field_description_above field_validation_below gfield_visibility_visible\"  ><label class='gfield_label gform-field-label' for='input_7_10'>N\u00famero de cuenta<\/label><div class='ginput_container ginput_container_text'><input name='input_10' id='input_7_10' type='text' value='' class='medium'      aria-invalid=\"false\"   \/><\/div><\/li><li id=\"field_7_11\" class=\"gfield gfield--type-select field_sublabel_below gfield--no-description field_description_above field_validation_below gfield_visibility_visible\"  ><label class='gfield_label gform-field-label' for='input_7_11'>Mejor Hora Para Recibir Llamada<\/label><div class='ginput_container ginput_container_select'><select name='input_11' id='input_7_11' class='medium gfield_select'     aria-invalid=\"false\" ><option value='Ma\u00f1ana' >Ma\u00f1ana<\/option><option value='Tarde' >Tarde<\/option><option value='Noche' >Noche<\/option><\/select><\/div><\/li><li id=\"field_7_15\" class=\"gfield gfield--type-select gfield_contains_required field_sublabel_below gfield--no-description field_description_above field_validation_below gfield_visibility_hidden\"  ><div class=\"admin-hidden-markup\"><i class=\"gform-icon gform-icon--hidden\" aria-hidden=\"true\" title=\"This field is hidden when viewing the form\"><\/i><span>This field is hidden when viewing the form<\/span><\/div><label class='gfield_label gform-field-label' for='input_7_15'>Clase a la que quieres asistir<span class=\"gfield_required\"><span class=\"gfield_required gfield_required_asterisk\">*<\/span><\/span><\/label><div class='ginput_container ginput_container_select'><select name='input_15' id='input_7_15' class='medium gfield_select'    aria-required=\"true\" aria-invalid=\"false\" ><option value='August 18th to 20th 8AM to 4PM' >August 18th to 20th 8AM to 4PM<\/option><\/select><\/div><\/li><li id=\"field_7_9\" class=\"gfield gfield--type-checkbox gfield--type-choice gfield_contains_required field_sublabel_below gfield--has-description field_description_above field_validation_below gfield_visibility_visible\"  ><label class='gfield_label gform-field-label gfield_label_before_complex' >Experiencia del t\u00e9cnico\/a<span class=\"gfield_required\"><span class=\"gfield_required gfield_required_asterisk\">*<\/span><\/span><\/label><div class='gfield_description' id='gfield_description_7_9'>\u00bfCu\u00e1nta experiencia tienes como t\u00e9cnico?<\/div><div class='ginput_container ginput_container_checkbox'><ul class='gfield_checkbox' id='input_7_9'><li class='gchoice gchoice_7_9_1'>\n\t\t\t\t\t\t\t\t<input class='gfield-choice-input' name='input_9.1' type='checkbox'  value='0-1 a\u00f1os'  id='choice_7_9_1'   aria-describedby=\"gfield_description_7_9\"\/>\n\t\t\t\t\t\t\t\t<label for='choice_7_9_1' id='label_7_9_1' class='gform-field-label gform-field-label--type-inline'>0-1 a\u00f1os<\/label>\n\t\t\t\t\t\t\t<\/li><li class='gchoice gchoice_7_9_2'>\n\t\t\t\t\t\t\t\t<input class='gfield-choice-input' name='input_9.2' type='checkbox'  value='1-3 a\u00f1os'  id='choice_7_9_2'   \/>\n\t\t\t\t\t\t\t\t<label for='choice_7_9_2' id='label_7_9_2' class='gform-field-label gform-field-label--type-inline'>1-3 a\u00f1os<\/label>\n\t\t\t\t\t\t\t<\/li><li class='gchoice gchoice_7_9_3'>\n\t\t\t\t\t\t\t\t<input class='gfield-choice-input' name='input_9.3' type='checkbox'  value='3-5 a\u00f1os'  id='choice_7_9_3'   \/>\n\t\t\t\t\t\t\t\t<label for='choice_7_9_3' id='label_7_9_3' class='gform-field-label gform-field-label--type-inline'>3-5 a\u00f1os<\/label>\n\t\t\t\t\t\t\t<\/li><li class='gchoice gchoice_7_9_4'>\n\t\t\t\t\t\t\t\t<input class='gfield-choice-input' name='input_9.4' type='checkbox'  value='5-8 a\u00f1os'  id='choice_7_9_4'   \/>\n\t\t\t\t\t\t\t\t<label for='choice_7_9_4' id='label_7_9_4' class='gform-field-label gform-field-label--type-inline'>5-8 a\u00f1os<\/label>\n\t\t\t\t\t\t\t<\/li><li class='gchoice gchoice_7_9_5'>\n\t\t\t\t\t\t\t\t<input class='gfield-choice-input' name='input_9.5' type='checkbox'  value='8+ a\u00f1os'  id='choice_7_9_5'   \/>\n\t\t\t\t\t\t\t\t<label for='choice_7_9_5' id='label_7_9_5' class='gform-field-label gform-field-label--type-inline'>8+ a\u00f1os<\/label>\n\t\t\t\t\t\t\t<\/li><\/ul><\/div><\/li><li id=\"field_7_13\" class=\"gfield gfield--type-captcha field_sublabel_below gfield--no-description field_description_above field_validation_below gfield_visibility_visible\"  ><label class='gfield_label gform-field-label' for='input_7_13'>CAPTCHA<\/label><div id='input_7_13' class='ginput_container ginput_recaptcha' data-sitekey='6LfK_PgrAAAAAF_TnEbXId05wqzGn-_EJyK9cIAE'  data-theme='light' data-tabindex='0'  data-badge=''><\/div><\/li><\/ul><\/div>\n        <div class='gform-footer gform_footer top_label'> <input type='submit' id='gform_submit_button_7' class='gform_button button' onclick='gform.submission.handleButtonClick(this);' data-submission-type='submit' value='Enviar'  \/> \n            <input type='hidden' class='gform_hidden' name='gform_submission_method' data-js='gform_submission_method_7' value='postback' \/>\n            <input type='hidden' class='gform_hidden' name='gform_theme' data-js='gform_theme_7' id='gform_theme_7' value='legacy' \/>\n            <input type='hidden' class='gform_hidden' name='gform_style_settings' data-js='gform_style_settings_7' id='gform_style_settings_7' value='[]' \/>\n            <input type='hidden' class='gform_hidden' name='is_submit_7' value='1' \/>\n            <input type='hidden' class='gform_hidden' name='gform_submit' value='7' \/>\n            \n            <input type='hidden' class='gform_hidden' name='gform_currency' data-currency='USD' value='HBwds900PfGYoDXpYSgRr0L4M7Kg15vpyILY++\/gQjY7S3ARtpg1Hk+DrCbcgWPz7MK3Z\/2LGS3rk9Z7WT\/cvC+mbS3+XSLD9QiTNiX7knueWXI=' \/>\n            <input type='hidden' class='gform_hidden' name='gform_unique_id' value='' \/>\n            <input type='hidden' class='gform_hidden' name='state_7' value='WyJbXSIsImM2NDk0MzJhMTVlMDYyMzMyNWFmYzM3ZWNkMWNhZDc5Il0=' \/>\n            <input type='hidden' autocomplete='off' class='gform_hidden' name='gform_target_page_number_7' id='gform_target_page_number_7' value='0' \/>\n            <input type='hidden' autocomplete='off' class='gform_hidden' name='gform_source_page_number_7' id='gform_source_page_number_7' value='1' \/>\n            <input type='hidden' name='gform_field_values' value='' \/>\n            \n        <\/div>\n                        <\/form>\n                        <\/div><script type=\"text\/javascript\">\n\/* <![CDATA[ *\/\n gform.initializeOnLoaded( function() {gformInitSpinner( 7, 'https:\/\/service.gosportsart.com\/wp-content\/plugins\/gravityforms\/images\/spinner.svg', true );jQuery('#gform_ajax_frame_7').on('load',function(){var contents = jQuery(this).contents().find('*').html();var is_postback = contents.indexOf('GF_AJAX_POSTBACK') >= 0;if(!is_postback){return;}var form_content = jQuery(this).contents().find('#gform_wrapper_7');var is_confirmation = jQuery(this).contents().find('#gform_confirmation_wrapper_7').length > 0;var is_redirect = contents.indexOf('gformRedirect(){') >= 0;var is_form = form_content.length > 0 && ! is_redirect && ! is_confirmation;var mt = parseInt(jQuery('html').css('margin-top'), 10) + parseInt(jQuery('body').css('margin-top'), 10) + 100;if(is_form){jQuery('#gform_wrapper_7').html(form_content.html());if(form_content.hasClass('gform_validation_error')){jQuery('#gform_wrapper_7').addClass('gform_validation_error');} else {jQuery('#gform_wrapper_7').removeClass('gform_validation_error');}setTimeout( function() { \/* delay the scroll by 50 milliseconds to fix a bug in chrome *\/  }, 50 );if(window['gformInitDatepicker']) {gformInitDatepicker();}if(window['gformInitPriceFields']) {gformInitPriceFields();}var current_page = jQuery('#gform_source_page_number_7').val();gformInitSpinner( 7, 'https:\/\/service.gosportsart.com\/wp-content\/plugins\/gravityforms\/images\/spinner.svg', true );jQuery(document).trigger('gform_page_loaded', [7, current_page]);window['gf_submitting_7'] = false;}else if(!is_redirect){var confirmation_content = jQuery(this).contents().find('.GF_AJAX_POSTBACK').html();if(!confirmation_content){confirmation_content = contents;}jQuery('#gform_wrapper_7').replaceWith(confirmation_content);jQuery(document).trigger('gform_confirmation_loaded', [7]);window['gf_submitting_7'] = false;wp.a11y.speak(jQuery('#gform_confirmation_message_7').text());}else{jQuery('#gform_7').append(contents);if(window['gformRedirect']) {gformRedirect();}}jQuery(document).trigger(\"gform_pre_post_render\", [{ formId: \"7\", currentPage: \"current_page\", abort: function() { this.preventDefault(); } }]);        if (event && event.defaultPrevented) {                return;        }        const gformWrapperDiv = document.getElementById( \"gform_wrapper_7\" );        if ( gformWrapperDiv ) {            const visibilitySpan = document.createElement( \"span\" );            visibilitySpan.id = \"gform_visibility_test_7\";            gformWrapperDiv.insertAdjacentElement( \"afterend\", visibilitySpan );        }        const visibilityTestDiv = document.getElementById( \"gform_visibility_test_7\" );        let postRenderFired = false;        function triggerPostRender() {            if ( postRenderFired ) {                return;            }            postRenderFired = true;            gform.core.triggerPostRenderEvents( 7, current_page );            if ( visibilityTestDiv ) {                visibilityTestDiv.parentNode.removeChild( visibilityTestDiv );            }        }        function debounce( func, wait, immediate ) {            var timeout;            return function() {                var context = this, args = arguments;                var later = function() {                    timeout = null;                    if ( !immediate ) func.apply( context, args );                };                var callNow = immediate && !timeout;                clearTimeout( timeout );                timeout = setTimeout( later, wait );                if ( callNow ) func.apply( context, args );            };        }        const debouncedTriggerPostRender = debounce( function() {            triggerPostRender();        }, 200 );        if ( visibilityTestDiv && visibilityTestDiv.offsetParent === null ) {            const observer = new MutationObserver( ( mutations ) => {                mutations.forEach( ( mutation ) => {                    if ( mutation.type === 'attributes' && visibilityTestDiv.offsetParent !== null ) {                        debouncedTriggerPostRender();                        observer.disconnect();                    }                });            });            observer.observe( document.body, {                attributes: true,                childList: false,                subtree: true,                attributeFilter: [ 'style', 'class' ],            });        } else {            triggerPostRender();        }    } );} ); \n\/* ]]> *\/\n<\/script>\n[\/vc_column][\/vc_row]<\/p>\n<\/div>","protected":false},"excerpt":{"rendered":"<p>[vc_row][vc_column][vc_column_text]Debido a la actual pandemia de COVID-19, actualmente no organizamos ning\u00fan evento de capacitaci\u00f3n. Si todav\u00eda est\u00e1 interesado en aprender c\u00f3mo reparar los equipos de fitness SportsArt, le recomendamos que complete este formulario de todos modos; actualmente los estamos utilizando para evaluar el inter\u00e9s.[\/vc_column_text][\/vc_column][\/vc_row][vc_row][vc_column][\/vc_column][\/vc_row]<\/p>\n","protected":false},"author":17,"featured_media":0,"parent":0,"menu_order":0,"comment_status":"closed","ping_status":"closed","template":"","meta":{"_relevanssi_hide_post":"","_relevanssi_hide_content":"","_relevanssi_pin_for_all":"","_relevanssi_pin_keywords":"","_relevanssi_unpin_keywords":"","_relevanssi_related_keywords":"","_relevanssi_related_include_ids":"","_relevanssi_related_exclude_ids":"","_relevanssi_related_no_append":"","_relevanssi_related_not_related":"","_relevanssi_related_posts":"","_relevanssi_noindex_reason":"","_genesis_hide_title":false,"_genesis_hide_breadcrumbs":false,"_genesis_hide_singular_image":false,"_genesis_hide_footer_widgets":false,"_genesis_custom_body_class":"","_genesis_custom_post_class":"","_genesis_layout":"","footnotes":""},"class_list":{"0":"post-2822","1":"page","2":"type-page","3":"status-publish","5":"entry"},"_links":{"self":[{"href":"https:\/\/service.gosportsart.com\/es-mx\/wp-json\/wp\/v2\/pages\/2822","targetHints":{"allow":["GET"]}}],"collection":[{"href":"https:\/\/service.gosportsart.com\/es-mx\/wp-json\/wp\/v2\/pages"}],"about":[{"href":"https:\/\/service.gosportsart.com\/es-mx\/wp-json\/wp\/v2\/types\/page"}],"author":[{"embeddable":true,"href":"https:\/\/service.gosportsart.com\/es-mx\/wp-json\/wp\/v2\/users\/17"}],"replies":[{"embeddable":true,"href":"https:\/\/service.gosportsart.com\/es-mx\/wp-json\/wp\/v2\/comments?post=2822"}],"version-history":[{"count":0,"href":"https:\/\/service.gosportsart.com\/es-mx\/wp-json\/wp\/v2\/pages\/2822\/revisions"}],"wp:attachment":[{"href":"https:\/\/service.gosportsart.com\/es-mx\/wp-json\/wp\/v2\/media?parent=2822"}],"curies":[{"name":"wp","href":"https:\/\/api.w.org\/{rel}","templated":true}]}}