{"id":2820,"date":"2017-08-10T16:40:19","date_gmt":"2017-08-10T16:40:19","guid":{"rendered":"https:\/\/service.gosportsart.com\/proveedores-de-servicio\/como-devolver-piezas-compradas-a-cambio-de-credito\/"},"modified":"2023-10-20T20:25:11","modified_gmt":"2023-10-20T20:25:11","slug":"como-devolver-piezas-compradas-a-cambio-de-credito","status":"publish","type":"page","link":"https:\/\/service.gosportsart.com\/es-mx\/proveedores-de-servicio\/como-devolver-piezas-compradas-a-cambio-de-credito\/","title":{"rendered":"C\u00f3mo Devolver Piezas Compradas a Cambio de Cr\u00e9dito"},"content":{"rendered":"<div class=\"wpb-content-wrapper\"><p>[vc_row type=&#8221;in_container&#8221; full_screen_row_position=&#8221;middle&#8221; scene_position=&#8221;center&#8221; text_color=&#8221;dark&#8221; text_align=&#8221;left&#8221; overlay_strength=&#8221;0.3&#8243;][vc_column column_padding=&#8221;padding-4-percent&#8221; column_padding_position=&#8221;all&#8221; background_color_opacity=&#8221;1&#8243; background_hover_color_opacity=&#8221;1&#8243; column_shadow=&#8221;none&#8221; tablet_text_alignment=&#8221;default&#8221; phone_text_alignment=&#8221;default&#8221; column_border_width=&#8221;none&#8221; column_border_style=&#8221;solid&#8221;][vc_column_text]Puede devolver piezas nuevas y sin usar que haya comprado en SportsArt cuando dichas piezas se devuelvan con flete prepago, incluyan la nota de entrega del embalaje original y se encuentren en buenas condiciones para su reventa. Para hacerlo, debe comunicarse con SportsArt para obtener una aprobaci\u00f3n previa y seguir el proceso a continuaci\u00f3n.<\/p>\n<ol>\n<li>Lamar al 866.709.1750 o enviar email <a href=\"mailto:service@gosportsart.com\">service@gosportsart.com<\/a> o un n\u00famero de autorizaci\u00f3n de devoluci\u00f3n<\/li>\n<li>Coloque la nota de entrega en la caja con la pieza que est\u00e1 autorizado a devolver.<\/li>\n<li>En la nota de entrega, indique la pieza por la que solicita cr\u00e9dito.<\/li>\n<li>Proporcione su nombre y n\u00famero de contacto. Indique el motivo de la devoluci\u00f3n.<\/li>\n<li>En el exterior de la caja, escriba el n\u00famero de pedido y el n\u00famero RA.<\/li>\n<li>Enviar piezas a:<\/li>\n<\/ol>\n<p style=\"text-align: center;\">Departamento de Servicio SportsArt en<br \/>\n8217, 44th Ave W Suite A, Mukilteo, WA 98275<br \/>\nN\u00famero de tel\u00e9fono:<strong> <\/strong>866.709.1750<\/p>\n<p>&nbsp;<\/p>\n<p><strong>Requerimiento:<\/strong><\/p>\n<p><strong>Cr\u00e9dito<\/strong>\u2013 SportsArt cobra una tarifa de reposici\u00f3n del 25 % por las piezas devueltas. Para obtener cr\u00e9dito, se debe incluir la lista de empaque correcta o la factura asociada con las piezas devueltas.<\/p>\n<p><strong>Tiempo l\u00edmite<\/strong>\u2013 Se proporciona cr\u00e9dito por las piezas devueltas dentro de los 90 d\u00edas posteriores a la realizaci\u00f3n del pedido original. No se emitir\u00e1 ning\u00fan cr\u00e9dito por las piezas devueltas despu\u00e9s de 90 d\u00edas.<\/p>\n<p><strong>Condici\u00f3n de las partes<\/strong>\u2013 Las piezas deben devolverse nuevas y sin usar. No se emitir\u00e1 ning\u00fan cr\u00e9dito por env\u00edos de devoluci\u00f3n que no incluyan la lista de embalaje\/factura correcta o por piezas que lleguen da\u00f1adas por mal embalaje, uso u otras circunstancias.<\/p>\n<p><strong>Flete de Devoluci\u00f3n<\/strong>\u2013 Los clientes deben pagar los gastos de env\u00edo para devolver las piezas compradas. Si los clientes utilizan etiquetas de devoluci\u00f3n proporcionadas por SportsArt para pedidos de garant\u00eda, el gasto de env\u00edo de devoluci\u00f3n se deducir\u00e1 del cr\u00e9dito o se facturar\u00e1 a su cuenta.<\/p>\n<p style=\"text-align: center;\"><strong><em>No se proporcionar\u00e1 ning\u00fan cr\u00e9dito si no se cumple alguno de los requisitos anteriores.<\/em><\/strong><\/p>\n<p>Apreciamos su negocio y esperamos facilitarle la devoluci\u00f3n de piezas cuando sea necesario. Si tiene preguntas, llame al departamento de atenci\u00f3n al cliente de SportsArt al <strong>866.709.1750.<\/strong><\/p>\n<p>[\/vc_column_text][\/vc_column][\/vc_row]<\/p>\n<\/div>","protected":false},"excerpt":{"rendered":"<p>[vc_row type=&#8221;in_container&#8221; full_screen_row_position=&#8221;middle&#8221; scene_position=&#8221;center&#8221; text_color=&#8221;dark&#8221; text_align=&#8221;left&#8221; overlay_strength=&#8221;0.3&#8243;][vc_column column_padding=&#8221;padding-4-percent&#8221; column_padding_position=&#8221;all&#8221; background_color_opacity=&#8221;1&#8243; background_hover_color_opacity=&#8221;1&#8243; column_shadow=&#8221;none&#8221; tablet_text_alignment=&#8221;default&#8221; phone_text_alignment=&#8221;default&#8221; column_border_width=&#8221;none&#8221; column_border_style=&#8221;solid&#8221;][vc_column_text]Puede devolver piezas nuevas y sin usar que haya comprado en SportsArt cuando dichas piezas se devuelvan con flete prepago, incluyan la nota de entrega del embalaje original y se encuentren en buenas condiciones para su reventa. Para hacerlo, debe [&hellip;]<\/p>\n","protected":false},"author":17,"featured_media":0,"parent":2802,"menu_order":0,"comment_status":"closed","ping_status":"closed","template":"","meta":{"_relevanssi_hide_post":"","_relevanssi_hide_content":"","_relevanssi_pin_for_all":"","_relevanssi_pin_keywords":"","_relevanssi_unpin_keywords":"","_relevanssi_related_keywords":"","_relevanssi_related_include_ids":"","_relevanssi_related_exclude_ids":"","_relevanssi_related_no_append":"","_relevanssi_related_not_related":"","_relevanssi_related_posts":"","_relevanssi_noindex_reason":"","_genesis_hide_title":false,"_genesis_hide_breadcrumbs":false,"_genesis_hide_singular_image":false,"_genesis_hide_footer_widgets":false,"_genesis_custom_body_class":"","_genesis_custom_post_class":"","_genesis_layout":"","footnotes":""},"class_list":{"0":"post-2820","1":"page","2":"type-page","3":"status-publish","5":"entry"},"_links":{"self":[{"href":"https:\/\/service.gosportsart.com\/es-mx\/wp-json\/wp\/v2\/pages\/2820","targetHints":{"allow":["GET"]}}],"collection":[{"href":"https:\/\/service.gosportsart.com\/es-mx\/wp-json\/wp\/v2\/pages"}],"about":[{"href":"https:\/\/service.gosportsart.com\/es-mx\/wp-json\/wp\/v2\/types\/page"}],"author":[{"embeddable":true,"href":"https:\/\/service.gosportsart.com\/es-mx\/wp-json\/wp\/v2\/users\/17"}],"replies":[{"embeddable":true,"href":"https:\/\/service.gosportsart.com\/es-mx\/wp-json\/wp\/v2\/comments?post=2820"}],"version-history":[{"count":0,"href":"https:\/\/service.gosportsart.com\/es-mx\/wp-json\/wp\/v2\/pages\/2820\/revisions"}],"up":[{"embeddable":true,"href":"https:\/\/service.gosportsart.com\/es-mx\/wp-json\/wp\/v2\/pages\/2802"}],"wp:attachment":[{"href":"https:\/\/service.gosportsart.com\/es-mx\/wp-json\/wp\/v2\/media?parent=2820"}],"curies":[{"name":"wp","href":"https:\/\/api.w.org\/{rel}","templated":true}]}}