{"id":2818,"date":"2017-08-10T16:39:46","date_gmt":"2017-08-10T16:39:46","guid":{"rendered":"https:\/\/service.gosportsart.com\/proveedores-de-servicio\/herramientas-recomendadas\/"},"modified":"2023-10-20T20:11:56","modified_gmt":"2023-10-20T20:11:56","slug":"herramientas-recomendadas","status":"publish","type":"page","link":"https:\/\/service.gosportsart.com\/es-mx\/proveedores-de-servicio\/herramientas-recomendadas\/","title":{"rendered":"Herramientas Recomendadas"},"content":{"rendered":"<div class=\"wpb-content-wrapper\"><p>[vc_row type=&#8221;in_container&#8221; full_screen_row_position=&#8221;middle&#8221; scene_position=&#8221;center&#8221; text_color=&#8221;dark&#8221; text_align=&#8221;left&#8221; overlay_strength=&#8221;0.3&#8243;][vc_column column_padding=&#8221;padding-4-percent&#8221; column_padding_position=&#8221;all&#8221; background_color_opacity=&#8221;1&#8243; background_hover_color_opacity=&#8221;1&#8243; column_shadow=&#8221;none&#8221; tablet_text_alignment=&#8221;default&#8221; phone_text_alignment=&#8221;default&#8221; column_border_width=&#8221;none&#8221; column_border_style=&#8221;solid&#8221;][vc_column_text]<\/p>\n<h2 style=\"text-align: center;\">Para T\u00e9cnicos de Instalaci\u00f3n\/Servicio<\/h2>\n<p>[\/vc_column_text][\/vc_column][\/vc_row][vc_row type=&#8221;in_container&#8221; full_screen_row_position=&#8221;middle&#8221; scene_position=&#8221;center&#8221; text_color=&#8221;dark&#8221; text_align=&#8221;left&#8221; overlay_strength=&#8221;0.3&#8243;][vc_column width=&#8221;1\/4&#8243; column_padding=&#8221;padding-1-percent&#8221; column_padding_position=&#8221;all&#8221; background_color_opacity=&#8221;1&#8243; background_hover_color_opacity=&#8221;1&#8243; column_shadow=&#8221;none&#8221; tablet_text_alignment=&#8221;default&#8221; phone_text_alignment=&#8221;default&#8221; column_border_width=&#8221;none&#8221; column_border_style=&#8221;solid&#8221;][vc_column_text]<\/p>\n<p style=\"text-align: center;\"><strong>Mec\u00e1nico<\/strong><\/p>\n<ul>\n<li>Destornilladores Phillips<\/li>\n<li>Destornilladores de cabeza plana<\/li>\n<li>Llaves Allen m\u00e9tricas<\/li>\n<li>Juego de llaves de boca m\u00e9tricas<\/li>\n<li>llave ajustable de 6&#8243;<\/li>\n<li>Juego de Dados m\u00e9tricos<\/li>\n<li>Alicates de bloqueo de canales<\/li>\n<li>Pinzas de punta de aguja<\/li>\n<li>Alicates para anillos el\u00e1sticos<\/li>\n<li>Martillo de Golpe Muerto<\/li>\n<li>Galgas de espesores<\/li>\n<li>Extensi\u00f3n de junta universal de 3\/8<\/li>\n<li>Extensi\u00f3n de 3\/8 6&#8243;<\/li>\n<li>Trinquete de 3\/8<\/li>\n<li>Juego de Dados m\u00e9tricos 3\/8<\/li>\n<\/ul>\n<p>[\/vc_column_text][\/vc_column][vc_column width=&#8221;1\/4&#8243; column_padding=&#8221;no-extra-padding&#8221; column_padding_position=&#8221;all&#8221; background_color_opacity=&#8221;1&#8243; background_hover_color_opacity=&#8221;1&#8243; column_shadow=&#8221;none&#8221; tablet_text_alignment=&#8221;default&#8221; phone_text_alignment=&#8221;default&#8221; column_border_width=&#8221;none&#8221; column_border_style=&#8221;solid&#8221;][vc_column_text]<\/p>\n<p style=\"text-align: center;\"><strong>El\u00e9ctrico<\/strong><\/p>\n<ul>\n<li>Volt\u00edmetro (mult\u00edmetro)<\/li>\n<li>Amper\u00edmetro de SportsArt<\/li>\n<li>Simulador de transmisor de frecuencia card\u00edaca (o correa de frecuencia card\u00edaca)<\/li>\n<li>Enchufe de prueba para tomacorriente de pared (Home Depot SKU # 345238)<\/li>\n<li>Kit ESD (Desco #16475)<\/li>\n<li>Tira detectora de infrarrojos (MCM Electronics n.\u00b0 72-6771)<\/li>\n<li>Fusibles Varios<\/li>\n<li>Correa antiest\u00e1tica<\/li>\n<\/ul>\n<p>[\/vc_column_text][\/vc_column][vc_column width=&#8221;1\/4&#8243; column_padding=&#8221;no-extra-padding&#8221; column_padding_position=&#8221;all&#8221; background_color_opacity=&#8221;1&#8243; background_hover_color_opacity=&#8221;1&#8243; column_shadow=&#8221;none&#8221; tablet_text_alignment=&#8221;default&#8221; phone_text_alignment=&#8221;default&#8221; column_border_width=&#8221;none&#8221; column_border_style=&#8221;solid&#8221;][vc_column_text]<\/p>\n<p style=\"text-align: center;\"><strong>Miscel\u00e1neos<\/strong><\/p>\n<ul>\n<li>Bridas de Pl\u00e1stico<\/li>\n<li>pasadores<\/li>\n<li>Loctite azul (o fijador de roscas similar)<\/li>\n<li>Manuales de equipos y gu\u00edas de soluci\u00f3n de problemas (disponibles en l\u00ednea)<\/li>\n<li>Grasa EP multiusos &#8220;Red &#8216;n&#8217; Tackle&#8221; de Lucas Oil.<\/li>\n<li>Cinta El\u00e9ctrica<\/li>\n<li>Estetoscopio<\/li>\n<\/ul>\n<p>[\/vc_column_text][\/vc_column][vc_column width=&#8221;1\/4&#8243; column_padding=&#8221;no-extra-padding&#8221; column_padding_position=&#8221;all&#8221; background_color_opacity=&#8221;1&#8243; background_hover_color_opacity=&#8221;1&#8243; column_shadow=&#8221;none&#8221; tablet_text_alignment=&#8221;default&#8221; phone_text_alignment=&#8221;default&#8221; column_border_width=&#8221;none&#8221; column_border_style=&#8221;solid&#8221;][vc_column_text]<\/p>\n<p style=\"text-align: center;\"><strong>Limpieza<\/strong><\/p>\n<ul>\n<li>Aire enlatado a presi\u00f3n<\/li>\n<li>miniaspiradora<\/li>\n<li>Simple Green u otro limpiador suave que no contenga COV<\/li>\n<li>Pa\u00f1os limpios<\/li>\n<\/ul>\n<p>[\/vc_column_text][\/vc_column][\/vc_row][vc_row type=&#8221;in_container&#8221; full_screen_row_position=&#8221;middle&#8221; scene_position=&#8221;center&#8221; text_color=&#8221;dark&#8221; text_align=&#8221;left&#8221; overlay_strength=&#8221;0.3&#8243;][vc_column column_padding=&#8221;no-extra-padding&#8221; column_padding_position=&#8221;all&#8221; background_color_opacity=&#8221;1&#8243; background_hover_color_opacity=&#8221;1&#8243; column_shadow=&#8221;none&#8221; tablet_text_alignment=&#8221;default&#8221; phone_text_alignment=&#8221;default&#8221; column_border_width=&#8221;none&#8221; column_border_style=&#8221;solid&#8221;][vc_column_text]<\/p>\n<h2 style=\"text-align: center;\">Herramientas especiales por modelo<\/h2>\n<p>[\/vc_column_text][\/vc_column][\/vc_row][vc_row type=&#8221;in_container&#8221; full_screen_row_position=&#8221;middle&#8221; scene_position=&#8221;center&#8221; text_color=&#8221;dark&#8221; text_align=&#8221;left&#8221; overlay_strength=&#8221;0.3&#8243;][vc_column width=&#8221;1\/4&#8243; column_padding=&#8221;no-extra-padding&#8221; column_padding_position=&#8221;all&#8221; background_color_opacity=&#8221;1&#8243; background_hover_color_opacity=&#8221;1&#8243; column_shadow=&#8221;none&#8221; tablet_text_alignment=&#8221;default&#8221; phone_text_alignment=&#8221;default&#8221; column_border_width=&#8221;none&#8221; column_border_style=&#8221;solid&#8221;][vc_column_text]<\/p>\n<p style=\"text-align: center;\"><strong>El\u00edptica<\/strong><\/p>\n<ul>\n<li>Lubricante en spray de tefl\u00f3n para zancadas<\/li>\n<li>Pistola engrasadora con conector Zerk de 0,25&#8243;<\/li>\n<li>Grasa EP multiusos &#8220;Red &#8216;n&#8217; Tacky&#8221; de Lucas Oil<\/li>\n<\/ul>\n<p>[\/vc_column_text][\/vc_column][vc_column width=&#8221;1\/4&#8243; column_padding=&#8221;no-extra-padding&#8221; column_padding_position=&#8221;all&#8221; background_color_opacity=&#8221;1&#8243; background_hover_color_opacity=&#8221;1&#8243; column_shadow=&#8221;none&#8221; tablet_text_alignment=&#8221;default&#8221; phone_text_alignment=&#8221;default&#8221; column_border_width=&#8221;none&#8221; column_border_style=&#8221;solid&#8221;][vc_column_text]<\/p>\n<p style=\"text-align: center;\"><strong>Trotadora<\/strong><\/p>\n<ul>\n<li>Kit de lubricaci\u00f3n<\/li>\n<li>Llaves de seguridad \u00f3pticas y magn\u00e9ticas.<\/li>\n<li>Llave Inglesa<\/li>\n<\/ul>\n<p>[\/vc_column_text][\/vc_column][vc_column width=&#8221;1\/4&#8243; column_padding=&#8221;no-extra-padding&#8221; column_padding_position=&#8221;all&#8221; background_color_opacity=&#8221;1&#8243; background_hover_color_opacity=&#8221;1&#8243; column_shadow=&#8221;none&#8221; tablet_text_alignment=&#8221;default&#8221; phone_text_alignment=&#8221;default&#8221; column_border_width=&#8221;none&#8221; column_border_style=&#8221;solid&#8221;][vc_column_text]<\/p>\n<p style=\"text-align: center;\"><strong>Stepper<\/strong><\/p>\n<ul>\n<li>Pistola engrasadora con conector Zerk de 0,25&#8243;<\/li>\n<li>Grasa EP multiusos &#8220;Red &#8216;n&#8217; Tacky&#8221; de Lucas Oil.<\/li>\n<\/ul>\n<p>[\/vc_column_text][\/vc_column][vc_column width=&#8221;1\/4&#8243; column_padding=&#8221;no-extra-padding&#8221; column_padding_position=&#8221;all&#8221; background_color_opacity=&#8221;1&#8243; background_hover_color_opacity=&#8221;1&#8243; column_shadow=&#8221;none&#8221; tablet_text_alignment=&#8221;default&#8221; phone_text_alignment=&#8221;default&#8221; column_border_width=&#8221;none&#8221; column_border_style=&#8221;solid&#8221;][vc_column_text]<\/p>\n<p style=\"text-align: center;\"><strong>Bicicleta<\/strong><\/p>\n<ul>\n<li>Extractor de manivela<\/li>\n<\/ul>\n<p>[\/vc_column_text][\/vc_column][\/vc_row]<\/p>\n<\/div>","protected":false},"excerpt":{"rendered":"<p>[vc_row type=&#8221;in_container&#8221; full_screen_row_position=&#8221;middle&#8221; scene_position=&#8221;center&#8221; text_color=&#8221;dark&#8221; text_align=&#8221;left&#8221; overlay_strength=&#8221;0.3&#8243;][vc_column column_padding=&#8221;padding-4-percent&#8221; column_padding_position=&#8221;all&#8221; background_color_opacity=&#8221;1&#8243; background_hover_color_opacity=&#8221;1&#8243; column_shadow=&#8221;none&#8221; tablet_text_alignment=&#8221;default&#8221; phone_text_alignment=&#8221;default&#8221; column_border_width=&#8221;none&#8221; column_border_style=&#8221;solid&#8221;][vc_column_text] Para T\u00e9cnicos de Instalaci\u00f3n\/Servicio [\/vc_column_text][\/vc_column][\/vc_row][vc_row type=&#8221;in_container&#8221; full_screen_row_position=&#8221;middle&#8221; scene_position=&#8221;center&#8221; text_color=&#8221;dark&#8221; text_align=&#8221;left&#8221; overlay_strength=&#8221;0.3&#8243;][vc_column width=&#8221;1\/4&#8243; column_padding=&#8221;padding-1-percent&#8221; column_padding_position=&#8221;all&#8221; background_color_opacity=&#8221;1&#8243; background_hover_color_opacity=&#8221;1&#8243; column_shadow=&#8221;none&#8221; tablet_text_alignment=&#8221;default&#8221; phone_text_alignment=&#8221;default&#8221; column_border_width=&#8221;none&#8221; column_border_style=&#8221;solid&#8221;][vc_column_text] Mec\u00e1nico Destornilladores Phillips Destornilladores de cabeza plana Llaves Allen m\u00e9tricas Juego de llaves de boca m\u00e9tricas llave ajustable [&hellip;]<\/p>\n","protected":false},"author":17,"featured_media":0,"parent":2802,"menu_order":0,"comment_status":"closed","ping_status":"closed","template":"","meta":{"_relevanssi_hide_post":"","_relevanssi_hide_content":"","_relevanssi_pin_for_all":"","_relevanssi_pin_keywords":"","_relevanssi_unpin_keywords":"","_relevanssi_related_keywords":"","_relevanssi_related_include_ids":"","_relevanssi_related_exclude_ids":"","_relevanssi_related_no_append":"","_relevanssi_related_not_related":"","_relevanssi_related_posts":"","_relevanssi_noindex_reason":"","_genesis_hide_title":false,"_genesis_hide_breadcrumbs":false,"_genesis_hide_singular_image":false,"_genesis_hide_footer_widgets":false,"_genesis_custom_body_class":"","_genesis_custom_post_class":"","_genesis_layout":"","footnotes":""},"class_list":{"0":"post-2818","1":"page","2":"type-page","3":"status-publish","5":"entry"},"_links":{"self":[{"href":"https:\/\/service.gosportsart.com\/es-mx\/wp-json\/wp\/v2\/pages\/2818","targetHints":{"allow":["GET"]}}],"collection":[{"href":"https:\/\/service.gosportsart.com\/es-mx\/wp-json\/wp\/v2\/pages"}],"about":[{"href":"https:\/\/service.gosportsart.com\/es-mx\/wp-json\/wp\/v2\/types\/page"}],"author":[{"embeddable":true,"href":"https:\/\/service.gosportsart.com\/es-mx\/wp-json\/wp\/v2\/users\/17"}],"replies":[{"embeddable":true,"href":"https:\/\/service.gosportsart.com\/es-mx\/wp-json\/wp\/v2\/comments?post=2818"}],"version-history":[{"count":0,"href":"https:\/\/service.gosportsart.com\/es-mx\/wp-json\/wp\/v2\/pages\/2818\/revisions"}],"up":[{"embeddable":true,"href":"https:\/\/service.gosportsart.com\/es-mx\/wp-json\/wp\/v2\/pages\/2802"}],"wp:attachment":[{"href":"https:\/\/service.gosportsart.com\/es-mx\/wp-json\/wp\/v2\/media?parent=2818"}],"curies":[{"name":"wp","href":"https:\/\/api.w.org\/{rel}","templated":true}]}}