{"id":2816,"date":"2017-08-10T16:38:31","date_gmt":"2017-08-10T16:38:31","guid":{"rendered":"https:\/\/service.gosportsart.com\/proveedores-de-servicio\/programa-de-certificacion-tecnica\/"},"modified":"2023-10-24T18:28:17","modified_gmt":"2023-10-24T18:28:17","slug":"programa-de-certificacion-tecnica","status":"publish","type":"page","link":"https:\/\/service.gosportsart.com\/es-mx\/proveedores-de-servicio\/programa-de-certificacion-tecnica\/","title":{"rendered":"Programa de Certificaci\u00f3n T\u00e9cnica"},"content":{"rendered":"<div class=\"wpb-content-wrapper\"><p>[vc_row type=&#8221;in_container&#8221; full_screen_row_position=&#8221;middle&#8221; scene_position=&#8221;center&#8221; text_color=&#8221;dark&#8221; text_align=&#8221;left&#8221; overlay_strength=&#8221;0.3&#8243;][vc_column column_padding=&#8221;padding-4-percent&#8221; column_padding_position=&#8221;all&#8221; background_color_opacity=&#8221;1&#8243; background_hover_color_opacity=&#8221;1&#8243; column_shadow=&#8221;none&#8221; tablet_text_alignment=&#8221;default&#8221; phone_text_alignment=&#8221;default&#8221; column_border_width=&#8221;none&#8221; column_border_style=&#8221;solid&#8221;][vc_raw_html]PGlmcmFtZSBzcmM9Imh0dHBzOi8vd3d3Lmdvb2dsZS5jb20vbWFwcy9lbWJlZD9wYj0hMW0xNCExbTghMW0zITFkMTA2OTQuNTI2MzM4NzUxMzgyITJkLTEyMi4yOTIzMjU4ITNkNDcuOTI0MTY1NiEzbTIhMWkxMDI0ITJpNzY4ITRmMTMuMSEzbTMhMW0yITFzMHgwJTNBMHgzNDNmYjQ2MDMyNGUyYTg2ITJzU3BvcnRzQXJ0ITVlMCEzbTIhMXNlbiEyc2luITR2MTQ5MjAyMjY2NzYyNyIgd2lkdGg9IjEyMDAiIGhlaWdodD0iMjAwIiBmcmFtZWJvcmRlcj0iMCIgc3R5bGU9ImJvcmRlcjowIiBhbGxvd2Z1bGxzY3JlZW49IiI+PC9pZnJhbWU+Cjxicj48L2JyPg==[\/vc_raw_html][vc_column_text]<\/p>\n<h2><strong>Descripci\u00f3n general<\/strong><\/h2>\n<p>Incremente su experiencia en reparaci\u00f3n mejorando su capacidad para diagnosticar y reparar productos SportsArt. La capacitaci\u00f3n incluye teor\u00eda electr\u00f3nica y sesiones pr\u00e1cticas de productos SportsArt.<\/p>\n<h3><strong>Ventajas<\/strong><\/h3>\n<ul>\n<li>Mejore su capacidad para diagnosticar y reparar productos SportsArt.<\/li>\n<li>Ampl\u00ede sus conocimientos sobre herramientas de diagn\u00f3stico (incluidos volt\u00edmetros, amper\u00edmetros) y aprenda a aplicarlas en equipos SportsArt.<\/li>\n<li>Convi\u00e9rtete en un t\u00e9cnico\/a certificado\/a de SportsArt.<\/li>\n<li>Reciba un 37% de descuento en piezas compradas.<\/li>\n<li>Reciba $10 m\u00e1s por hora en reembolso de mano de obra en garant\u00eda.<\/li>\n<\/ul>\n<p><strong>Costo: $295.00<\/strong>. Se proporciona almuerzo. Usted paga su hotel, el viaje hacia y desde el aeropuerto y las instalaciones de capacitaci\u00f3n.<\/p>\n<p><strong>Reservaciones:<\/strong> Complete nuestro formulario de env\u00edo a<em><strong>m\u00e1s tardar<\/strong> <strong>un<\/strong><\/em> mes antes de su clase y env\u00ede un cheque de $295 a nombre de SportsArt America, Inc. Esta cuota de inscripci\u00f3n no es <strong>reembolsable<\/strong> para quienes no asistan a la clase.[\/vc_column_text][vc_btn title=&#8221;Registrar aqu\u00ed&#8221; shape=&#8221;square&#8221; color=&#8221;green&#8221; link=&#8221;url:https%3A%2F%2Fservice.gosportsart.com%2Fes-mx%2Fformulario-de-envio-para-entrenamiento%2F|title:Formulario%20de%20Env%C3%ADo%20para%20Entrenamiento&#8221;][vc_column_text]Si tiene alguna pregunta, comun\u00edquese con training@gosportsart.com<\/p>\n<h3><\/h3>\n<h3><strong>Alojamiento (pregunta por nuestras tarifas corporativas)<\/strong><\/h3>\n<ol>\n<li><strong><a href=\"http:\/\/hiltongardeninn3.hilton.com\/en\/hotels\/washington\/hilton-garden-inn-seattle-north-everett-PAEWAGI\/index.html\">Hilton Garden Inn<\/a>:<\/strong><span class=\"visualGroup\"><span class=\"property-streetAddress\">8401 Paine Field Blvd<\/span>,<\/span> <span class=\"visualGroup\"><span class=\"property-addressLocality\">Mukilteo<\/span>,<\/span> <span class=\"visualGroup\"><span class=\"property-addressRegion\">Washington<\/span>,<\/span> <span class=\"visualGroup\"><span class=\"property-postalCode\">98275 (4.0 miles)<\/span><\/span><\/li>\n<li><strong><a href=\"http:\/\/www.marriott.com\/hotels\/travel\/seats-towneplace-suites-seattle-everett-mukilteo\/\">TownePlace Suites Seattle Everett\/Mukilteo<\/a>:<\/strong>8521 Mukilteo Speedway Mukilteo Washington 98275 (3.9 miles)<\/li>\n<li><strong><a href=\"http:\/\/www.staymukilteo.com\/\" target=\"_blank\" rel=\"noopener noreferrer\">Staybridge Suites Mukilteo<\/a>:<\/strong>9600 Harbour Place, Mukilteo, WA 98275 (3.1 miles)<\/li>\n<li><strong><a href=\"https:\/\/www.silvercloud.com\/mukilteo\/\">Silver Cloud Inn Mukilteo<\/a>:<\/strong> 718 Front St, Mukilteo, WA 98275 (5.9 miles)<\/li>\n<\/ol>\n<p>[\/vc_column_text][\/vc_column][\/vc_row][vc_row type=&#8221;in_container&#8221; full_screen_row_position=&#8221;middle&#8221; scene_position=&#8221;center&#8221; text_color=&#8221;dark&#8221; text_align=&#8221;left&#8221; overlay_strength=&#8221;0.3&#8243;][vc_column column_padding=&#8221;no-extra-padding&#8221; column_padding_position=&#8221;all&#8221; background_color_opacity=&#8221;1&#8243; background_hover_color_opacity=&#8221;1&#8243; column_shadow=&#8221;none&#8221; tablet_text_alignment=&#8221;default&#8221; phone_text_alignment=&#8221;default&#8221; column_border_width=&#8221;none&#8221; column_border_style=&#8221;solid&#8221;][\/vc_column][\/vc_row]<\/p>\n<\/div>","protected":false},"excerpt":{"rendered":"<p>[vc_row type=&#8221;in_container&#8221; full_screen_row_position=&#8221;middle&#8221; scene_position=&#8221;center&#8221; text_color=&#8221;dark&#8221; text_align=&#8221;left&#8221; overlay_strength=&#8221;0.3&#8243;][vc_column column_padding=&#8221;padding-4-percent&#8221; column_padding_position=&#8221;all&#8221; background_color_opacity=&#8221;1&#8243; background_hover_color_opacity=&#8221;1&#8243; column_shadow=&#8221;none&#8221; tablet_text_alignment=&#8221;default&#8221; phone_text_alignment=&#8221;default&#8221; column_border_width=&#8221;none&#8221; column_border_style=&#8221;solid&#8221;][vc_raw_html]PGlmcmFtZSBzcmM9Imh0dHBzOi8vd3d3Lmdvb2dsZS5jb20vbWFwcy9lbWJlZD9wYj0hMW0xNCExbTghMW0zITFkMTA2OTQuNTI2MzM4NzUxMzgyITJkLTEyMi4yOTIzMjU4ITNkNDcuOTI0MTY1NiEzbTIhMWkxMDI0ITJpNzY4ITRmMTMuMSEzbTMhMW0yITFzMHgwJTNBMHgzNDNmYjQ2MDMyNGUyYTg2ITJzU3BvcnRzQXJ0ITVlMCEzbTIhMXNlbiEyc2luITR2MTQ5MjAyMjY2NzYyNyIgd2lkdGg9IjEyMDAiIGhlaWdodD0iMjAwIiBmcmFtZWJvcmRlcj0iMCIgc3R5bGU9ImJvcmRlcjowIiBhbGxvd2Z1bGxzY3JlZW49IiI+PC9pZnJhbWU+Cjxicj48L2JyPg==[\/vc_raw_html][vc_column_text] Descripci\u00f3n general Incremente su experiencia en reparaci\u00f3n mejorando su capacidad para diagnosticar y reparar productos SportsArt. La capacitaci\u00f3n incluye teor\u00eda electr\u00f3nica y sesiones pr\u00e1cticas de productos SportsArt. Ventajas Mejore su capacidad para diagnosticar y reparar productos SportsArt. Ampl\u00ede sus [&hellip;]<\/p>\n","protected":false},"author":17,"featured_media":0,"parent":2802,"menu_order":0,"comment_status":"closed","ping_status":"closed","template":"","meta":{"_relevanssi_hide_post":"","_relevanssi_hide_content":"","_relevanssi_pin_for_all":"","_relevanssi_pin_keywords":"","_relevanssi_unpin_keywords":"","_relevanssi_related_keywords":"","_relevanssi_related_include_ids":"","_relevanssi_related_exclude_ids":"","_relevanssi_related_no_append":"","_relevanssi_related_not_related":"","_relevanssi_related_posts":"","_relevanssi_noindex_reason":"","_genesis_hide_title":false,"_genesis_hide_breadcrumbs":false,"_genesis_hide_singular_image":false,"_genesis_hide_footer_widgets":false,"_genesis_custom_body_class":"","_genesis_custom_post_class":"","_genesis_layout":"","footnotes":""},"class_list":{"0":"post-2816","1":"page","2":"type-page","3":"status-publish","5":"entry"},"_links":{"self":[{"href":"https:\/\/service.gosportsart.com\/es-mx\/wp-json\/wp\/v2\/pages\/2816","targetHints":{"allow":["GET"]}}],"collection":[{"href":"https:\/\/service.gosportsart.com\/es-mx\/wp-json\/wp\/v2\/pages"}],"about":[{"href":"https:\/\/service.gosportsart.com\/es-mx\/wp-json\/wp\/v2\/types\/page"}],"author":[{"embeddable":true,"href":"https:\/\/service.gosportsart.com\/es-mx\/wp-json\/wp\/v2\/users\/17"}],"replies":[{"embeddable":true,"href":"https:\/\/service.gosportsart.com\/es-mx\/wp-json\/wp\/v2\/comments?post=2816"}],"version-history":[{"count":0,"href":"https:\/\/service.gosportsart.com\/es-mx\/wp-json\/wp\/v2\/pages\/2816\/revisions"}],"up":[{"embeddable":true,"href":"https:\/\/service.gosportsart.com\/es-mx\/wp-json\/wp\/v2\/pages\/2802"}],"wp:attachment":[{"href":"https:\/\/service.gosportsart.com\/es-mx\/wp-json\/wp\/v2\/media?parent=2816"}],"curies":[{"name":"wp","href":"https:\/\/api.w.org\/{rel}","templated":true}]}}