{"id":2806,"date":"2017-08-09T20:38:45","date_gmt":"2017-08-09T20:38:45","guid":{"rendered":"https:\/\/service.gosportsart.com\/proveedores-de-servicio\/formulario-de-pedido-de-piezas-sin-garantia\/"},"modified":"2023-10-17T22:15:25","modified_gmt":"2023-10-17T22:15:25","slug":"formulario-de-pedido-de-piezas-sin-garantia","status":"publish","type":"page","link":"https:\/\/service.gosportsart.com\/es-mx\/proveedores-de-servicio\/formulario-de-pedido-de-piezas-sin-garantia\/","title":{"rendered":"Formulario de Pedido de Piezas Sin Garant\u00eda"},"content":{"rendered":"<div class=\"wpb-content-wrapper\"><p>[vc_row][vc_column][vc_column_text]<\/p>\n<p style=\"text-align: center;\">\u00a1Gracias por tu apoyo! Hemos comenzado la<strong>reconstrucci\u00f3n<\/strong> del formulario de pedido de piezas sin garant\u00eda<\/p>\n<p>Mientras trabajamos para mejorar este formulario, puede enviar sus pedidos llamando a nuestro equipo de Atenci\u00f3n al Cliente al 866.709.1750 (solo en ingl\u00e9s) o <a href=\"mailto:service@gosportsart.com\">enviando un email<\/a> con todos los detalles<\/p>\n<p><strong>Email Servicio al Cliente<\/strong>: <a href=\"mailto:partsorders@gosportsart.com\">partsorders@gosportsart.com<\/a><\/p>\n<p><strong>Horario de Atenci\u00f3n al Cliente<\/strong>: Lunes &#8211; Viernes 6:30AM &#8211; 4PM Horario del Pac\u00edfico[\/vc_column_text][\/vc_column][\/vc_row]<\/p>\n<\/div>","protected":false},"excerpt":{"rendered":"<p>[vc_row][vc_column][vc_column_text] \u00a1Gracias por tu apoyo! Hemos comenzado lareconstrucci\u00f3n del formulario de pedido de piezas sin garant\u00eda Mientras trabajamos para mejorar este formulario, puede enviar sus pedidos llamando a nuestro equipo de Atenci\u00f3n al Cliente al 866.709.1750 (solo en ingl\u00e9s) o enviando un email con todos los detalles Email Servicio al Cliente: partsorders@gosportsart.com Horario de Atenci\u00f3n [&hellip;]<\/p>\n","protected":false},"author":17,"featured_media":0,"parent":2802,"menu_order":0,"comment_status":"closed","ping_status":"closed","template":"","meta":{"_relevanssi_hide_post":"","_relevanssi_hide_content":"","_relevanssi_pin_for_all":"","_relevanssi_pin_keywords":"","_relevanssi_unpin_keywords":"","_relevanssi_related_keywords":"","_relevanssi_related_include_ids":"","_relevanssi_related_exclude_ids":"","_relevanssi_related_no_append":"","_relevanssi_related_not_related":"","_relevanssi_related_posts":"","_relevanssi_noindex_reason":"","_genesis_hide_title":false,"_genesis_hide_breadcrumbs":false,"_genesis_hide_singular_image":false,"_genesis_hide_footer_widgets":false,"_genesis_custom_body_class":"","_genesis_custom_post_class":"","_genesis_layout":"","footnotes":""},"class_list":{"0":"post-2806","1":"page","2":"type-page","3":"status-publish","5":"entry"},"_links":{"self":[{"href":"https:\/\/service.gosportsart.com\/es-mx\/wp-json\/wp\/v2\/pages\/2806","targetHints":{"allow":["GET"]}}],"collection":[{"href":"https:\/\/service.gosportsart.com\/es-mx\/wp-json\/wp\/v2\/pages"}],"about":[{"href":"https:\/\/service.gosportsart.com\/es-mx\/wp-json\/wp\/v2\/types\/page"}],"author":[{"embeddable":true,"href":"https:\/\/service.gosportsart.com\/es-mx\/wp-json\/wp\/v2\/users\/17"}],"replies":[{"embeddable":true,"href":"https:\/\/service.gosportsart.com\/es-mx\/wp-json\/wp\/v2\/comments?post=2806"}],"version-history":[{"count":0,"href":"https:\/\/service.gosportsart.com\/es-mx\/wp-json\/wp\/v2\/pages\/2806\/revisions"}],"up":[{"embeddable":true,"href":"https:\/\/service.gosportsart.com\/es-mx\/wp-json\/wp\/v2\/pages\/2802"}],"wp:attachment":[{"href":"https:\/\/service.gosportsart.com\/es-mx\/wp-json\/wp\/v2\/media?parent=2806"}],"curies":[{"name":"wp","href":"https:\/\/api.w.org\/{rel}","templated":true}]}}