{"id":2804,"date":"2021-05-20T21:08:54","date_gmt":"2021-05-20T21:08:54","guid":{"rendered":"https:\/\/service.gosportsart.com\/informacion-de-garantia\/"},"modified":"2023-10-24T19:19:48","modified_gmt":"2023-10-24T19:19:48","slug":"informacion-de-garantia","status":"publish","type":"page","link":"https:\/\/service.gosportsart.com\/es-mx\/informacion-de-garantia\/","title":{"rendered":"INFORMACI\u00d3N DE GARANT\u00cdA"},"content":{"rendered":"<div class=\"wpb-content-wrapper\"><p>[vc_row][vc_column][vc_empty_space height=&#8221;30&#8243;][vc_separator color=&#8221;green&#8221;][\/vc_column][\/vc_row][vc_row][vc_column][vc_empty_space height=&#8221;20&#8243;][vc_row_inner][vc_column_inner width=&#8221;1\/4&#8243;][vc_single_image image=&#8221;2579&#8243; img_size=&#8221;700&#215;600&#8243; alignment=&#8221;center&#8221;][vc_btn title=&#8221;TARJETA DE GARANT\u00cdA LIMITADA DE LOS PRODUCTOS CARDIO\/FUERZA&#8221; style=&#8221;outline-custom&#8221; outline_custom_color=&#8221;#84bd00&#8243; outline_custom_hover_background=&#8221;#84bd00&#8243; outline_custom_hover_text=&#8221;#ffffff&#8221; shape=&#8221;square&#8221; size=&#8221;lg&#8221; align=&#8221;center&#8221; button_block=&#8221;true&#8221; css=&#8221;.vc_custom_1660251679542{padding-top: -20px !important;}&#8221; link=&#8221;url:https%3A%2F%2Fservice.gosportsart.com%2Fwp-content%2Fuploads%2Fdocumentation%2FCardio%2526Strength_Warranty_ENG.pdf|target:_blank|&#8221;][\/vc_column_inner][vc_column_inner width=&#8221;1\/4&#8243;][vc_single_image image=&#8221;2580&#8243; img_size=&#8221;700&#215;600&#8243; alignment=&#8221;center&#8221;][vc_btn title=&#8221;TARJETA DE GARANT\u00cdA LIMITADA DEL PRODUCTO ICARE&#8221; style=&#8221;outline-custom&#8221; outline_custom_color=&#8221;#84bd00&#8243; outline_custom_hover_background=&#8221;#84bd00&#8243; outline_custom_hover_text=&#8221;#ffffff&#8221; shape=&#8221;square&#8221; size=&#8221;lg&#8221; align=&#8221;center&#8221; button_block=&#8221;true&#8221; link=&#8221;url:https%3A%2F%2Fservice.gosportsart.com%2Fwp-content%2Fuploads%2Fdocumentation%2Fforms%2FICARE_ProductWarranty_ENG.pdf|target:_blank|&#8221;][\/vc_column_inner][vc_column_inner width=&#8221;1\/4&#8243;][vc_single_image image=&#8221;2582&#8243; img_size=&#8221;700&#215;600&#8243; alignment=&#8221;center&#8221;][vc_btn title=&#8221;TARJETA DE GARANT\u00cdA LIMITADA DE LOS PRODUCTOS RESIDENCIALES&#8221; style=&#8221;outline-custom&#8221; outline_custom_color=&#8221;#84bd00&#8243; outline_custom_hover_background=&#8221;#84bd00&#8243; outline_custom_hover_text=&#8221;#ffffff&#8221; shape=&#8221;square&#8221; size=&#8221;lg&#8221; align=&#8221;center&#8221; button_block=&#8221;true&#8221; link=&#8221;url:%2Fwp-content%2Fuploads%2Fdocumentation%2Fforms%2FResidentialWarrantyCard_ENG.pdf|target:_blank|&#8221;][\/vc_column_inner][vc_column_inner width=&#8221;1\/4&#8243;][vc_single_image image=&#8221;2581&#8243; img_size=&#8221;700&#215;600&#8243; alignment=&#8221;center&#8221;][vc_btn title=&#8221;FORMULARIO DE REGISTRO DE GARANT\u00cdA DEL PRODUCTO&#8221; style=&#8221;outline-custom&#8221; outline_custom_color=&#8221;#84bd00&#8243; outline_custom_hover_background=&#8221;#84bd00&#8243; outline_custom_hover_text=&#8221;#ffffff&#8221; shape=&#8221;square&#8221; size=&#8221;lg&#8221; align=&#8221;center&#8221; button_block=&#8221;true&#8221; link=&#8221;url:https%3A%2F%2Fservice.gosportsart.com%2Fes-mx%2Fformulario-de-registro-de-garantia-del-producto%2F|title:Formulario%20de%20Registro%20de%20Garant%C3%ADa%20del%20Producto|target:_blank&#8221;][\/vc_column_inner][\/vc_row_inner][vc_empty_space height=&#8221;20&#8243;][\/vc_column][\/vc_row][vc_row][vc_column][vc_empty_space height=&#8221;20&#8243;][vc_separator color=&#8221;green&#8221;][vc_empty_space height=&#8221;20&#8243;][\/vc_column][\/vc_row][vc_row][vc_column][vc_column_text]<\/p>\n<h4 style=\"text-align: center;\">Los productos SportsArt, suministrados y distribuidos por SportsArt America Inc., y entregados nuevos en su condici\u00f3n y embalaje originales al comprador original, est\u00e1n garantizados contra defectos de fabricaci\u00f3n en materiales y mano de obra por un per\u00edodo de tiempo limitado seg\u00fan lo definido por los t\u00e9rminos establecidos en la tarjeta de garant\u00eda. **. Para obtener informaci\u00f3n completa y detallada sobre la garant\u00eda, limitaciones y exclusiones de su modelo espec\u00edfico, consulte nuestra tarjeta de garant\u00eda en l\u00ednea.<\/h4>\n<p>[\/vc_column_text][\/vc_column][\/vc_row][vc_row][vc_column][vc_column_text]<\/p>\n<h6 style=\"text-align: center;\"><em>**La mano de obra y la garant\u00eda pueden variar fuera de los Estados Unidos y Canad\u00e1. Comun\u00edquese con su distribuidor para conocer los t\u00e9rminos espec\u00edficos de mano de obra y garant\u00eda.<br \/>\nLa informaci\u00f3n de garant\u00eda espec\u00edfica de la regi\u00f3n tambi\u00e9n se puede encontrar en las hojas de venta de productos individuales etiquetados para esa regi\u00f3n espec\u00edfica.<\/em><\/h6>\n<p>[\/vc_column_text][\/vc_column][\/vc_row]<\/p>\n<\/div>","protected":false},"excerpt":{"rendered":"<p>[vc_row][vc_column][vc_empty_space height=&#8221;30&#8243;][vc_separator color=&#8221;green&#8221;][\/vc_column][\/vc_row][vc_row][vc_column][vc_empty_space height=&#8221;20&#8243;][vc_row_inner][vc_column_inner width=&#8221;1\/4&#8243;][vc_single_image image=&#8221;2579&#8243; img_size=&#8221;700&#215;600&#8243; alignment=&#8221;center&#8221;][vc_btn title=&#8221;TARJETA DE GARANT\u00cdA LIMITADA DE LOS PRODUCTOS CARDIO\/FUERZA&#8221; style=&#8221;outline-custom&#8221; outline_custom_color=&#8221;#84bd00&#8243; outline_custom_hover_background=&#8221;#84bd00&#8243; outline_custom_hover_text=&#8221;#ffffff&#8221; shape=&#8221;square&#8221; size=&#8221;lg&#8221; align=&#8221;center&#8221; button_block=&#8221;true&#8221; css=&#8221;.vc_custom_1660251679542{padding-top: -20px !important;}&#8221; link=&#8221;url:https%3A%2F%2Fservice.gosportsart.com%2Fwp-content%2Fuploads%2Fdocumentation%2FCardio%2526Strength_Warranty_ENG.pdf|target:_blank|&#8221;][\/vc_column_inner][vc_column_inner width=&#8221;1\/4&#8243;][vc_single_image image=&#8221;2580&#8243; img_size=&#8221;700&#215;600&#8243; alignment=&#8221;center&#8221;][vc_btn title=&#8221;TARJETA DE GARANT\u00cdA LIMITADA DEL PRODUCTO ICARE&#8221; style=&#8221;outline-custom&#8221; outline_custom_color=&#8221;#84bd00&#8243; outline_custom_hover_background=&#8221;#84bd00&#8243; outline_custom_hover_text=&#8221;#ffffff&#8221; shape=&#8221;square&#8221; size=&#8221;lg&#8221; align=&#8221;center&#8221; button_block=&#8221;true&#8221; link=&#8221;url:https%3A%2F%2Fservice.gosportsart.com%2Fwp-content%2Fuploads%2Fdocumentation%2Fforms%2FICARE_ProductWarranty_ENG.pdf|target:_blank|&#8221;][\/vc_column_inner][vc_column_inner width=&#8221;1\/4&#8243;][vc_single_image image=&#8221;2582&#8243; img_size=&#8221;700&#215;600&#8243; alignment=&#8221;center&#8221;][vc_btn title=&#8221;TARJETA DE GARANT\u00cdA [&hellip;]<\/p>\n","protected":false},"author":21,"featured_media":0,"parent":0,"menu_order":0,"comment_status":"closed","ping_status":"closed","template":"","meta":{"_relevanssi_hide_post":"","_relevanssi_hide_content":"","_relevanssi_pin_for_all":"","_relevanssi_pin_keywords":"","_relevanssi_unpin_keywords":"","_relevanssi_related_keywords":"","_relevanssi_related_include_ids":"","_relevanssi_related_exclude_ids":"","_relevanssi_related_no_append":"","_relevanssi_related_not_related":"","_relevanssi_related_posts":"","_relevanssi_noindex_reason":"","_genesis_hide_title":false,"_genesis_hide_breadcrumbs":false,"_genesis_hide_singular_image":false,"_genesis_hide_footer_widgets":false,"_genesis_custom_body_class":"","_genesis_custom_post_class":"","_genesis_layout":"","footnotes":""},"class_list":{"0":"post-2804","1":"page","2":"type-page","3":"status-publish","5":"entry"},"_links":{"self":[{"href":"https:\/\/service.gosportsart.com\/es-mx\/wp-json\/wp\/v2\/pages\/2804","targetHints":{"allow":["GET"]}}],"collection":[{"href":"https:\/\/service.gosportsart.com\/es-mx\/wp-json\/wp\/v2\/pages"}],"about":[{"href":"https:\/\/service.gosportsart.com\/es-mx\/wp-json\/wp\/v2\/types\/page"}],"author":[{"embeddable":true,"href":"https:\/\/service.gosportsart.com\/es-mx\/wp-json\/wp\/v2\/users\/21"}],"replies":[{"embeddable":true,"href":"https:\/\/service.gosportsart.com\/es-mx\/wp-json\/wp\/v2\/comments?post=2804"}],"version-history":[{"count":0,"href":"https:\/\/service.gosportsart.com\/es-mx\/wp-json\/wp\/v2\/pages\/2804\/revisions"}],"wp:attachment":[{"href":"https:\/\/service.gosportsart.com\/es-mx\/wp-json\/wp\/v2\/media?parent=2804"}],"curies":[{"name":"wp","href":"https:\/\/api.w.org\/{rel}","templated":true}]}}