{"id":2802,"date":"2017-08-10T16:35:43","date_gmt":"2017-08-10T16:35:43","guid":{"rendered":"https:\/\/service.gosportsart.com\/proveedores-de-servicio\/"},"modified":"2023-10-24T18:40:41","modified_gmt":"2023-10-24T18:40:41","slug":"proveedores-de-servicio","status":"publish","type":"page","link":"https:\/\/service.gosportsart.com\/es-mx\/proveedores-de-servicio\/","title":{"rendered":"Proveedores de Servicio"},"content":{"rendered":"<div class=\"wpb-content-wrapper\"><p>[vc_row type=&#8221;in_container&#8221; full_screen_row_position=&#8221;middle&#8221; scene_position=&#8221;center&#8221; text_color=&#8221;dark&#8221; text_align=&#8221;left&#8221; overlay_strength=&#8221;0.3&#8243;][vc_column column_padding=&#8221;padding-4-percent&#8221; column_padding_position=&#8221;all&#8221; background_color_opacity=&#8221;1&#8243; background_hover_color_opacity=&#8221;1&#8243; column_shadow=&#8221;none&#8221; tablet_text_alignment=&#8221;default&#8221; phone_text_alignment=&#8221;default&#8221; column_border_width=&#8221;none&#8221; column_border_style=&#8221;solid&#8221;][vc_custom_heading text=&#8221;\u00a1Servicio T\u00e9cnico de SportsArt le da la bienvenida!&#8221; font_container=&#8221;tag:h2|text_align:center&#8221; use_theme_fonts=&#8221;yes&#8221;][vc_column_text]<\/p>\n<p style=\"text-align: left;\">El equipo de servicio t\u00e9cnico de SportsArt se enorgullece de brindar un servicio excelente y esperamos asociarnos con usted para atender a nuestros clientes. El equipo de servicio t\u00e9cnico se encarga de lo siguiente:<\/p>\n<p>[\/vc_column_text][vc_row_inner][vc_column_inner width=&#8221;1\/3&#8243;][vc_column_text]<\/p>\n<ul style=\"text-align: left;\">\n<li>Pedidos y ventas de piezas de garant\u00eda.<\/li>\n<li>Acuerdos de reparaciones de productos.<\/li>\n<\/ul>\n<p>[\/vc_column_text][\/vc_column_inner][vc_column_inner width=&#8221;1\/3&#8243;][vc_column_text]<\/p>\n<ul style=\"text-align: left;\">\n<li>Soporte para la resoluci\u00f3n de problemas<\/li>\n<li>Tramitaci\u00f3n de reclamaciones de garant\u00eda laboral<\/li>\n<\/ul>\n<p>[\/vc_column_text][\/vc_column_inner][vc_column_inner width=&#8221;1\/3&#8243;][vc_column_text]<\/p>\n<ul style=\"text-align: left;\">\n<li>Acuerdos de instalaciones.<\/li>\n<li>Formaci\u00f3n en reparaci\u00f3n de productos.<\/li>\n<\/ul>\n<p>[\/vc_column_text][\/vc_column_inner][\/vc_row_inner][vc_column_text]Para solicitar convertirse en un proveedor de servicios autorizado, siga los pasos a continuaci\u00f3n. Todos los formularios deben completarse digitalmente, imprimirse, firmarse y luego enviarse por fax al 425-368-2016. <strong>Necesitar\u00e1 Adobe Acrobat para ver estos formularios.<\/strong>[\/vc_column_text][vc_btn title=&#8221;M\u00e1s informaci\u00f3n sobre los Entrenamientos&#8221; shape=&#8221;square&#8221; color=&#8221;success&#8221; align=&#8221;center&#8221; link=&#8221;url:https%3A%2F%2Fservice.gosportsart.com%2Fes-mx%2Fproveedores-de-servicio%2Fprograma-de-certificacion-tecnica%2F&#8221;][\/vc_column][\/vc_row][vc_row type=&#8221;in_container&#8221; full_screen_row_position=&#8221;middle&#8221; scene_position=&#8221;center&#8221; text_color=&#8221;dark&#8221; text_align=&#8221;left&#8221; overlay_strength=&#8221;0.3&#8243;][vc_column width=&#8221;1\/3&#8243; column_padding=&#8221;no-extra-padding&#8221; column_padding_position=&#8221;all&#8221; background_color_opacity=&#8221;1&#8243; background_hover_color_opacity=&#8221;1&#8243; column_shadow=&#8221;none&#8221; tablet_text_alignment=&#8221;default&#8221; phone_text_alignment=&#8221;default&#8221; column_border_width=&#8221;none&#8221; column_border_style=&#8221;solid&#8221;][vc_custom_heading text=&#8221;Convi\u00e9rtase en un proveedor de servicios&#8221; font_container=&#8221;tag:h2|text_align:center&#8221; use_theme_fonts=&#8221;yes&#8221;][vc_column_text]<\/p>\n<ul>\n<li><strong>Read:<\/strong> <a href=\"https:\/\/service.gosportsart.com\/es-mx\/proveedores-de-servicio\/programa-de-certificacion-tecnica\/\">Descripci\u00f3n General de la Certificaci\u00f3n T\u00e9cnica<\/a><\/li>\n<li><strong>Complete<\/strong>: <a href=\"\/wp-content\/uploads\/documentation\/forms\/ServiceProvider_Questionnaire_ENG.pdf\" target=\"_blank\" rel=\"noopener noreferrer\">Cuestionario<\/a>, <a href=\"\/wp-content\/uploads\/documentation\/forms\/ServiceProvider_Agreement_ENG.pdf\" target=\"_blank\" rel=\"noopener noreferrer\">Acuerdo<\/a>, <a href=\"\/wp-content\/uploads\/documentation\/forms\/ServiceProvider_WLRPolicy_ENG.pdf\" target=\"_blank\" rel=\"noopener noreferrer\">Pol\u00edtica de Reembolso de Mano de Obra por Garant\u00eda<\/a>, <a href=\"https:\/\/www.irs.gov\/pub\/irs-pdf\/fw9.pdf?\" target=\"_blank\" rel=\"noopener noreferrer\">Formulario W-9<\/a><\/li>\n<li><strong>Reciba:<\/strong>Un 15% de descuento en repuestos y un lugar en nuestro mapa de proveedores de servicios<\/li>\n<\/ul>\n<p>[\/vc_column_text][\/vc_column][vc_column width=&#8221;1\/3&#8243; column_padding=&#8221;no-extra-padding&#8221; column_padding_position=&#8221;all&#8221; background_color_opacity=&#8221;1&#8243; background_hover_color_opacity=&#8221;1&#8243; column_shadow=&#8221;none&#8221; tablet_text_alignment=&#8221;default&#8221; phone_text_alignment=&#8221;default&#8221; column_border_width=&#8221;none&#8221; column_border_style=&#8221;solid&#8221;][vc_custom_heading text=&#8221;Obtener la Certificaci\u00f3n SportsArt&#8221; font_container=&#8221;tag:h2|text_align:center&#8221; use_theme_fonts=&#8221;yes&#8221;][vc_column_text]<\/p>\n<ul>\n<li><strong>Reg\u00edstrese:<\/strong> Tome Una de Nuestras Cases de Capacitaci\u00f3n T\u00e9cnica<\/li>\n<li><strong>Complete: <\/strong>Nuestro paquete de proveedores de servicios en el sitio<strong>:<\/strong> <a href=\"https:\/\/service.gosportsart.com\/es-mx\/proveedores-de-servicio\/programa-de-certificacion-tecnica\/\">Descripci\u00f3n General de la Certificaci\u00f3n T\u00e9cnica<\/a><\/li>\n<li><strong>Reciba<\/strong>: Un 37,5 % de descuento en piezas y un lugar en nuestro mapa de proveedores de servicios como un Proveedor de Servicio T\u00e9cnico <em>Certificado<\/em><\/li>\n<\/ul>\n<p>[\/vc_column_text][\/vc_column][vc_column width=&#8221;1\/3&#8243; column_padding=&#8221;no-extra-padding&#8221; column_padding_position=&#8221;all&#8221; background_color_opacity=&#8221;1&#8243; background_hover_color_opacity=&#8221;1&#8243; column_shadow=&#8221;none&#8221; tablet_text_alignment=&#8221;default&#8221; phone_text_alignment=&#8221;default&#8221; column_border_width=&#8221;none&#8221; column_border_style=&#8221;solid&#8221;][vc_custom_heading text=&#8221;Recursos Adicionales&#8221; font_container=&#8221;tag:h2|text_align:center&#8221; use_theme_fonts=&#8221;yes&#8221;][vc_column_text]<\/p>\n<ul>\n<li><a href=\"https:\/\/service.gosportsart.com\/es-mx\/proveedores-de-servicio\/herramientas-recomendadas\/\">Herramientas Recomendadas<\/a><\/li>\n<li><a href=\"https:\/\/service.gosportsart.com\/es-mx\/proveedores-de-servicio\/como-devolver-piezas-compradas-a-cambio-de-credito\/\">C\u00f3mo Devolver Piezas compradas a Cambio de Cr\u00e9dito<\/a><\/li>\n<li><a href=\"\/wp-content\/uploads\/documentation\/forms\/ServiceProvider_WarrantyPartOrderForm_ENG.pdf\" target=\"_blank\" rel=\"noopener noreferrer\">Formulario de Pedido de Piezas de Garant\u00eda<\/a><\/li>\n<li><a href=\"\/wp-content\/uploads\/documentation\/forms\/ServiceProvider_WarrantyLaborClaimForm_ENG.pdf\" target=\"_blank\" rel=\"noopener noreferrer\">Formulario de Reclamo de Mano de Obra por Garant\u00eda<\/a><\/li>\n<\/ul>\n<p>[\/vc_column_text][\/vc_column][\/vc_row]<\/p>\n<\/div>","protected":false},"excerpt":{"rendered":"<p>[vc_row type=&#8221;in_container&#8221; full_screen_row_position=&#8221;middle&#8221; scene_position=&#8221;center&#8221; text_color=&#8221;dark&#8221; text_align=&#8221;left&#8221; overlay_strength=&#8221;0.3&#8243;][vc_column column_padding=&#8221;padding-4-percent&#8221; column_padding_position=&#8221;all&#8221; background_color_opacity=&#8221;1&#8243; background_hover_color_opacity=&#8221;1&#8243; column_shadow=&#8221;none&#8221; tablet_text_alignment=&#8221;default&#8221; phone_text_alignment=&#8221;default&#8221; column_border_width=&#8221;none&#8221; column_border_style=&#8221;solid&#8221;][vc_custom_heading text=&#8221;\u00a1Servicio T\u00e9cnico de SportsArt le da la bienvenida!&#8221; font_container=&#8221;tag:h2|text_align:center&#8221; use_theme_fonts=&#8221;yes&#8221;][vc_column_text] El equipo de servicio t\u00e9cnico de SportsArt se enorgullece de brindar un servicio excelente y esperamos asociarnos con usted para atender a nuestros clientes. El equipo de servicio t\u00e9cnico [&hellip;]<\/p>\n","protected":false},"author":17,"featured_media":0,"parent":0,"menu_order":0,"comment_status":"closed","ping_status":"closed","template":"","meta":{"_relevanssi_hide_post":"","_relevanssi_hide_content":"","_relevanssi_pin_for_all":"","_relevanssi_pin_keywords":"","_relevanssi_unpin_keywords":"","_relevanssi_related_keywords":"","_relevanssi_related_include_ids":"","_relevanssi_related_exclude_ids":"","_relevanssi_related_no_append":"","_relevanssi_related_not_related":"","_relevanssi_related_posts":"","_relevanssi_noindex_reason":"","_genesis_hide_title":false,"_genesis_hide_breadcrumbs":false,"_genesis_hide_singular_image":false,"_genesis_hide_footer_widgets":false,"_genesis_custom_body_class":"","_genesis_custom_post_class":"","_genesis_layout":"","footnotes":""},"class_list":{"0":"post-2802","1":"page","2":"type-page","3":"status-publish","5":"entry"},"_links":{"self":[{"href":"https:\/\/service.gosportsart.com\/es-mx\/wp-json\/wp\/v2\/pages\/2802","targetHints":{"allow":["GET"]}}],"collection":[{"href":"https:\/\/service.gosportsart.com\/es-mx\/wp-json\/wp\/v2\/pages"}],"about":[{"href":"https:\/\/service.gosportsart.com\/es-mx\/wp-json\/wp\/v2\/types\/page"}],"author":[{"embeddable":true,"href":"https:\/\/service.gosportsart.com\/es-mx\/wp-json\/wp\/v2\/users\/17"}],"replies":[{"embeddable":true,"href":"https:\/\/service.gosportsart.com\/es-mx\/wp-json\/wp\/v2\/comments?post=2802"}],"version-history":[{"count":0,"href":"https:\/\/service.gosportsart.com\/es-mx\/wp-json\/wp\/v2\/pages\/2802\/revisions"}],"wp:attachment":[{"href":"https:\/\/service.gosportsart.com\/es-mx\/wp-json\/wp\/v2\/media?parent=2802"}],"curies":[{"name":"wp","href":"https:\/\/api.w.org\/{rel}","templated":true}]}}